{"id":5671,"date":"2021-03-08T13:30:48","date_gmt":"2021-03-08T10:30:48","guid":{"rendered":"https:\/\/vegacephe.com\/iletisim\/"},"modified":"2023-10-12T14:39:30","modified_gmt":"2023-10-12T11:39:30","slug":"contact","status":"publish","type":"page","link":"https:\/\/vegacephe.com\/en\/contact\/","title":{"rendered":"Contact"},"content":{"rendered":"<p>[vc_row full_width=&#8221;stretch_row&#8221; gap=&#8221;0&#8243;][vc_column][ld_google_map style=&#8221;classic&#8221; map_marker=&#8221;html_marker&#8221; si_style=&#8221;&#8221; si_size=&#8221;&#8221; si_border=&#8221;&#8221; zoom=&#8221;14&#8243; map_controls=&#8221;fullscreenControl&#8221; address=&#8221;Mevlana Mahallesi, G\u00f6kdemir Plaza, Iss\u0131kg\u00f6l Cd. NO:99 Kat:1 Ofis No :16, 41400 Gebze\/Kocaeli&#8221; map_height=&#8221;580px&#8221;][\/vc_column][\/vc_row][vc_row content_placement=&#8221;middle&#8221;][vc_column enable_column_shadowbox=&#8221;yes&#8221; enable_content_animation=&#8221;yes&#8221; ca_init_scale_x=&#8221;1&#8243; ca_init_scale_y=&#8221;1&#8243; ca_init_opacity=&#8221;0&#8243; ca_an_scale_x=&#8221;1&#8243; ca_an_scale_y=&#8221;1&#8243; ca_an_opacity=&#8221;1&#8243; offset=&#8221;vc_col-md-5&#8243; css=&#8221;.vc_custom_1607954640145{padding-top: 35px !important;padding-right: 50px !important;padding-bottom: 40px !important;padding-left: 50px !important;background-color: #ffffff !important;border-radius: 5px !important;}&#8221; column_box_shadow=&#8221;%5B%7B%22x_offset%22%3A%220%22%2C%22y_offset%22%3A%2210px%22%2C%22blur_radius%22%3A%2260px%22%2C%22shadow_color%22%3A%22rgba(0%2C%200%2C%200%2C%200.07)%22%7D%5D&#8221; responsive_css=&#8221;margin_top_medium:-70px|padding_bottom_medium:20px&#8221; ca_duration=&#8221;1800&#8243; ca_start_delay=&#8221;250&#8243; ca_delay=&#8221;180&#8243; ca_init_translate_y=&#8221;35&#8243;][ld_cf7 id=&#8221;5801&#8243; shape=&#8221;lqd-contact-form-inputs-filled&#8221; btn_size=&#8221;lqd-contact-form-button-lg&#8221; btn_width=&#8221;lqd-contact-form-button-block&#8221; btn_roundness=&#8221;lqd-contact-form-button-round&#8221; use_custom_fonts_input=&#8221;true&#8221; use_custom_fonts_submit=&#8221;true&#8221; fs=&#8221;14px&#8221; fw=&#8221;400&#8243; submit_fs=&#8221;16px&#8221; submit_fw=&#8221;700&#8243; lqd_bg_color=&#8221;rgb(247, 248, 248)&#8221; color=&#8221;rgb(59, 75, 83)&#8221; css=&#8221;.vc_custom_1697110689371{margin-bottom: 0px !important;}&#8221; submit_color=&#8221;rgb(24, 67, 65)&#8221; bm=&#8221;20px&#8221; submit_hbg_color=&#8221;rgb(24, 67, 65)&#8221; submit_h_color=&#8221;rgb(255, 255, 255)&#8221; submit_bg_color=&#8221;rgb(247, 147, 30)&#8221; submit_border_color=&#8221;rgb(247, 147, 30)&#8221; submit_hover_border_color=&#8221;rgb(24, 67, 65)&#8221;][\/vc_column][vc_column enable_content_animation=&#8221;yes&#8221; ca_init_scale_x=&#8221;1&#8243; ca_init_scale_y=&#8221;1&#8243; ca_init_opacity=&#8221;0&#8243; ca_an_scale_x=&#8221;1&#8243; ca_an_scale_y=&#8221;1&#8243; ca_an_opacity=&#8221;1&#8243; column_top_ontablet=&#8221;yes&#8221; column_top_onmobile=&#8221;yes&#8221; css=&#8221;.vc_custom_1610101870866{padding-top: 80px !important;padding-bottom: 35px !important;}&#8221; offset=&#8221;vc_col-lg-5 vc_col-md-offset-1 vc_col-md-6&#8243; ca_duration=&#8221;1800&#8243; ca_delay=&#8221;180&#8243; ca_init_translate_y=&#8221;60&#8243; responsive_align=&#8221;text-center text-md-left&#8221;][ld_fancy_heading tag=&#8221;h2&#8243; margin=&#8221;bottom_small:0.75em&#8221; color=&#8221;rgb(56, 62, 66)&#8221;]Contact Information[\/ld_fancy_heading][ld_icon_box i_type=&#8221;animated&#8221; heading_size=&#8221;custom&#8221; heading_weight=&#8221;font-weight-normal&#8221; position=&#8221;iconbox-side&#8221; title=&#8221;Mevlana Mahallesi Iss\u0131kg\u00f6l Caddesi No:99 G\u00f6kdemir Plaza Kat:1 Ofis No:16&#8243; custom_heading_size=&#8221;20px&#8221; icon_mb=&#8221;15&#8243; i_color=&#8221;rgb(247, 147, 30)&#8221; h_color=&#8221;rgba(0, 0, 0, 0.6)&#8221; css=&#8221;.vc_custom_1690407775433{margin-bottom: 10px !important;}&#8221; i_icon_animated=&#8221;animated-basic_geolocalize-05&#8243;][\/ld_icon_box][ld_icon_box i_type=&#8221;animated&#8221; heading_size=&#8221;custom&#8221; heading_weight=&#8221;font-weight-normal&#8221; position=&#8221;iconbox-side&#8221; title=&#8221;info@vegacephe.com&#8221; custom_heading_size=&#8221;20px&#8221; icon_mb=&#8221;15&#8243; i_color=&#8221;rgb(247, 147, 30)&#8221; h_color=&#8221;rgba(0, 0, 0, 0.6)&#8221; css=&#8221;.vc_custom_1690407787714{margin-bottom: 10px !important;}&#8221; i_icon_animated=&#8221;animated-basic_mail_open_text&#8221;][\/ld_icon_box][\/vc_column][\/vc_row]<\/p>\n","protected":false},"excerpt":{"rendered":"<p>[vc_row full_width=&#8221;stretch_row&#8221; gap=&#8221;0&#8243;][vc_column][ld_google_map style=&#8221;classic&#8221; map_marker=&#8221;html_marker&#8221; si_style=&#8221;&#8221; si_size=&#8221;&#8221; si_border=&#8221;&#8221; zoom=&#8221;14&#8243; map_controls=&#8221;fullscreenControl&#8221; address=&#8221;Mevlana Mahallesi, G\u00f6kdemir Plaza, Iss\u0131kg\u00f6l Cd. NO:99 Kat:1 Ofis No :16, 41400 Gebze\/Kocaeli&#8221; map_height=&#8221;580px&#8221;][\/vc_column][\/vc_row][vc_row content_placement=&#8221;middle&#8221;][vc_column enable_column_shadowbox=&#8221;yes&#8221; enable_content_animation=&#8221;yes&#8221; ca_init_scale_x=&#8221;1&#8243; ca_init_scale_y=&#8221;1&#8243; ca_init_opacity=&#8221;0&#8243; ca_an_scale_x=&#8221;1&#8243; ca_an_scale_y=&#8221;1&#8243; ca_an_opacity=&#8221;1&#8243; offset=&#8221;vc_col-md-5&#8243; css=&#8221;.vc_custom_1607954640145{padding-top: 35px !important;padding-right: 50px !important;padding-bottom: 40px !important;padding-left: 50px !important;background-color: #ffffff !important;border-radius: 5px !important;}&#8221; column_box_shadow=&#8221;%5B%7B%22x_offset%22%3A%220%22%2C%22y_offset%22%3A%2210px%22%2C%22blur_radius%22%3A%2260px%22%2C%22shadow_color%22%3A%22rgba(0%2C%200%2C%200%2C%200.07)%22%7D%5D&#8221; responsive_css=&#8221;margin_top_medium:-70px|padding_bottom_medium:20px&#8221; ca_duration=&#8221;1800&#8243; ca_start_delay=&#8221;250&#8243; ca_delay=&#8221;180&#8243; ca_init_translate_y=&#8221;35&#8243;][ld_cf7 id=&#8221;5801&#8243; shape=&#8221;lqd-contact-form-inputs-filled&#8221; [&hellip;]<\/p>\n","protected":false},"author":1,"featured_media":0,"parent":0,"menu_order":0,"comment_status":"closed","ping_status":"closed","template":"","meta":{"footnotes":""},"_links":{"self":[{"href":"https:\/\/vegacephe.com\/en\/wp-json\/wp\/v2\/pages\/5671"}],"collection":[{"href":"https:\/\/vegacephe.com\/en\/wp-json\/wp\/v2\/pages"}],"about":[{"href":"https:\/\/vegacephe.com\/en\/wp-json\/wp\/v2\/types\/page"}],"author":[{"embeddable":true,"href":"https:\/\/vegacephe.com\/en\/wp-json\/wp\/v2\/users\/1"}],"replies":[{"embeddable":true,"href":"https:\/\/vegacephe.com\/en\/wp-json\/wp\/v2\/comments?post=5671"}],"version-history":[{"count":3,"href":"https:\/\/vegacephe.com\/en\/wp-json\/wp\/v2\/pages\/5671\/revisions"}],"predecessor-version":[{"id":5808,"href":"https:\/\/vegacephe.com\/en\/wp-json\/wp\/v2\/pages\/5671\/revisions\/5808"}],"wp:attachment":[{"href":"https:\/\/vegacephe.com\/en\/wp-json\/wp\/v2\/media?parent=5671"}],"curies":[{"name":"wp","href":"https:\/\/api.w.org\/{rel}","templated":true}]}}